{"id":4365,"date":"2022-10-23T20:18:09","date_gmt":"2022-10-23T19:18:09","guid":{"rendered":"https:\/\/informatiquedelavallee.fr\/?page_id=4365"},"modified":"2026-04-03T21:03:10","modified_gmt":"2026-04-03T20:03:10","slug":"nos-realisations","status":"publish","type":"page","link":"https:\/\/informatiquedelavallee.fr\/index.php\/nos-realisations\/","title":{"rendered":"Nos r\u00e9alisations"},"content":{"rendered":"\t\t<div data-elementor-type=\"wp-page\" data-elementor-id=\"4365\" class=\"elementor elementor-4365\">\n\t\t\t\t\t\t<section class=\"elementor-section elementor-top-section elementor-element elementor-element-a8b7a5a elementor-section-boxed elementor-section-height-default elementor-section-height-default\" data-id=\"a8b7a5a\" data-element_type=\"section\" data-e-type=\"section\">\n\t\t\t\t\t\t<div class=\"elementor-container elementor-column-gap-default\">\n\t\t\t\t\t<div class=\"elementor-column elementor-col-100 elementor-top-column elementor-element elementor-element-d0bbabf\" data-id=\"d0bbabf\" data-element_type=\"column\" data-e-type=\"column\">\n\t\t\t<div class=\"elementor-widget-wrap elementor-element-populated\">\n\t\t\t\t\t\t<div class=\"elementor-element elementor-element-21b8192 elementor-widget elementor-widget-text-editor\" data-id=\"21b8192\" data-element_type=\"widget\" data-e-type=\"widget\" data-widget_type=\"text-editor.default\">\n\t\t\t\t<div class=\"elementor-widget-container\">\n\t\t\t\t\t\t\t\t\t<p>Voici quelques exemples de <strong>nos r\u00e9alisations de sites internet professionnels.<\/strong><\/p>\t\t\t\t\t\t\t\t<\/div>\n\t\t\t\t<\/div>\n\t\t\t\t<section class=\"elementor-section elementor-inner-section elementor-element elementor-element-fbdd4da elementor-section-boxed elementor-section-height-default elementor-section-height-default\" data-id=\"fbdd4da\" data-element_type=\"section\" data-e-type=\"section\">\n\t\t\t\t\t\t<div class=\"elementor-container elementor-column-gap-default\">\n\t\t\t\t\t<div class=\"elementor-column elementor-col-50 elementor-inner-column elementor-element elementor-element-d10283a\" data-id=\"d10283a\" data-element_type=\"column\" data-e-type=\"column\">\n\t\t\t<div class=\"elementor-widget-wrap elementor-element-populated\">\n\t\t\t\t\t\t<div class=\"elementor-element elementor-element-b15fdca elementor-widget elementor-widget-text-editor\" data-id=\"b15fdca\" data-element_type=\"widget\" data-e-type=\"widget\" data-widget_type=\"text-editor.default\">\n\t\t\t\t<div class=\"elementor-widget-container\">\n\t\t\t\t\t\t\t\t\t<p>Martine Foussard nous a confi\u00e9 la r\u00e9alisation de son site internet pour son activit\u00e9 de r\u00e9flexologie.<\/p><p>Un site internet est la meilleure vitrine des services qu&rsquo;elle propose.<\/p><p>Une ou plusieurs s\u00e9ances permettent une d\u00e9tente compl\u00e8te et une sensation de bien \u00eatre pendant 45 min et \u00e9galement pendant plusieurs jours.<\/p><p><a title=\"https:\/\/martine-reflexologie.fr\" href=\"https:\/\/martine-reflexologie.fr\" target=\"_blank\" rel=\"nofollow noopener\">https:\/\/martine-reflexologie.fr<\/a><\/p>\t\t\t\t\t\t\t\t<\/div>\n\t\t\t\t<\/div>\n\t\t\t\t\t<\/div>\n\t\t<\/div>\n\t\t\t\t<div class=\"elementor-column elementor-col-50 elementor-inner-column elementor-element elementor-element-aed48de\" data-id=\"aed48de\" data-element_type=\"column\" data-e-type=\"column\">\n\t\t\t<div class=\"elementor-widget-wrap elementor-element-populated\">\n\t\t\t\t\t\t<div class=\"elementor-element elementor-element-7c4bf78 elementor-widget elementor-widget-image\" data-id=\"7c4bf78\" data-element_type=\"widget\" data-e-type=\"widget\" data-widget_type=\"image.default\">\n\t\t\t\t<div class=\"elementor-widget-container\">\n\t\t\t\t\t\t\t\t\t\t\t\t\t\t\t\t<a href=\"https:\/\/martine-reflexologie.fr\" target=\"_blank\" rel=\"nofollow\">\n\t\t\t\t\t\t\t<img decoding=\"async\" width=\"300\" height=\"145\" src=\"https:\/\/i0.wp.com\/informatiquedelavallee.fr\/wp-content\/uploads\/2022\/10\/logomf1.png?fit=300%2C145&amp;ssl=1\" class=\"attachment-medium size-medium wp-image-4367\" alt=\"\" srcset=\"https:\/\/i0.wp.com\/informatiquedelavallee.fr\/wp-content\/uploads\/2022\/10\/logomf1.png?w=383&amp;ssl=1 383w, https:\/\/i0.wp.com\/informatiquedelavallee.fr\/wp-content\/uploads\/2022\/10\/logomf1.png?resize=300%2C145&amp;ssl=1 300w, https:\/\/i0.wp.com\/informatiquedelavallee.fr\/wp-content\/uploads\/2022\/10\/logomf1.png?resize=64%2C31&amp;ssl=1 64w\" sizes=\"(max-width: 300px) 100vw, 300px\" \/>\t\t\t\t\t\t\t\t<\/a>\n\t\t\t\t\t\t\t\t\t\t\t\t\t\t\t<\/div>\n\t\t\t\t<\/div>\n\t\t\t\t\t<\/div>\n\t\t<\/div>\n\t\t\t\t\t<\/div>\n\t\t<\/section>\n\t\t\t\t<section class=\"elementor-section elementor-inner-section elementor-element elementor-element-a722dd8 elementor-section-boxed elementor-section-height-default elementor-section-height-default\" data-id=\"a722dd8\" data-element_type=\"section\" data-e-type=\"section\">\n\t\t\t\t\t\t<div class=\"elementor-container elementor-column-gap-default\">\n\t\t\t\t\t<div class=\"elementor-column elementor-col-50 elementor-inner-column elementor-element elementor-element-a8be85b\" data-id=\"a8be85b\" data-element_type=\"column\" data-e-type=\"column\">\n\t\t\t<div class=\"elementor-widget-wrap elementor-element-populated\">\n\t\t\t\t\t\t<div class=\"elementor-element elementor-element-29c4694 elementor-widget elementor-widget-text-editor\" data-id=\"29c4694\" data-element_type=\"widget\" data-e-type=\"widget\" data-widget_type=\"text-editor.default\">\n\t\t\t\t<div class=\"elementor-widget-container\">\n\t\t\t\t\t\t\t\t\t<p>L&rsquo;\u00e9quipe de Visuals Pro Seychelles nous a confi\u00e9 la cr\u00e9ation de leur site internet afin de promouvoir le talent de photographe aux Seychelles pour les photos de mariage, de bapteme, de famille, shooting photo dans un cadre sublime.<\/p><p><a href=\"https:\/\/visualsproseychelles.com\/\" target=\"_blank\" rel=\"nofollow noopener\">https:\/\/visualsproseychelles.com\/<\/a><\/p>\t\t\t\t\t\t\t\t<\/div>\n\t\t\t\t<\/div>\n\t\t\t\t\t<\/div>\n\t\t<\/div>\n\t\t\t\t<div class=\"elementor-column elementor-col-50 elementor-inner-column elementor-element elementor-element-befe212\" data-id=\"befe212\" data-element_type=\"column\" data-e-type=\"column\">\n\t\t\t<div class=\"elementor-widget-wrap elementor-element-populated\">\n\t\t\t\t\t\t<div class=\"elementor-element elementor-element-66e66b2 elementor-widget elementor-widget-image\" data-id=\"66e66b2\" data-element_type=\"widget\" data-e-type=\"widget\" data-widget_type=\"image.default\">\n\t\t\t\t<div class=\"elementor-widget-container\">\n\t\t\t\t\t\t\t\t\t\t\t\t\t\t\t\t<a href=\"https:\/\/visualsproseychelles.com\/\" target=\"_blank\" rel=\"nofollow\">\n\t\t\t\t\t\t\t<img fetchpriority=\"high\" decoding=\"async\" width=\"300\" height=\"300\" src=\"https:\/\/i0.wp.com\/informatiquedelavallee.fr\/wp-content\/uploads\/2024\/05\/logoVP.jpeg?fit=300%2C300&amp;ssl=1\" class=\"attachment-medium size-medium wp-image-4758\" alt=\"\" srcset=\"https:\/\/i0.wp.com\/informatiquedelavallee.fr\/wp-content\/uploads\/2024\/05\/logoVP.jpeg?w=1563&amp;ssl=1 1563w, https:\/\/i0.wp.com\/informatiquedelavallee.fr\/wp-content\/uploads\/2024\/05\/logoVP.jpeg?resize=300%2C300&amp;ssl=1 300w, https:\/\/i0.wp.com\/informatiquedelavallee.fr\/wp-content\/uploads\/2024\/05\/logoVP.jpeg?resize=1024%2C1024&amp;ssl=1 1024w, https:\/\/i0.wp.com\/informatiquedelavallee.fr\/wp-content\/uploads\/2024\/05\/logoVP.jpeg?resize=150%2C150&amp;ssl=1 150w, https:\/\/i0.wp.com\/informatiquedelavallee.fr\/wp-content\/uploads\/2024\/05\/logoVP.jpeg?resize=768%2C768&amp;ssl=1 768w, https:\/\/i0.wp.com\/informatiquedelavallee.fr\/wp-content\/uploads\/2024\/05\/logoVP.jpeg?resize=1536%2C1536&amp;ssl=1 1536w, https:\/\/i0.wp.com\/informatiquedelavallee.fr\/wp-content\/uploads\/2024\/05\/logoVP.jpeg?resize=600%2C600&amp;ssl=1 600w, https:\/\/i0.wp.com\/informatiquedelavallee.fr\/wp-content\/uploads\/2024\/05\/logoVP.jpeg?resize=100%2C100&amp;ssl=1 100w, https:\/\/i0.wp.com\/informatiquedelavallee.fr\/wp-content\/uploads\/2024\/05\/logoVP.jpeg?resize=64%2C64&amp;ssl=1 64w\" sizes=\"(max-width: 300px) 100vw, 300px\" \/>\t\t\t\t\t\t\t\t<\/a>\n\t\t\t\t\t\t\t\t\t\t\t\t\t\t\t<\/div>\n\t\t\t\t<\/div>\n\t\t\t\t\t<\/div>\n\t\t<\/div>\n\t\t\t\t\t<\/div>\n\t\t<\/section>\n\t\t\t\t\t<\/div>\n\t\t<\/div>\n\t\t\t\t\t<\/div>\n\t\t<\/section>\n\t\t\t\t<\/div>\n\t\t","protected":false},"excerpt":{"rendered":"<p>Voici quelques exemples de nos r\u00e9alisations de sites internet professionnels. Martine Foussard nous a confi\u00e9 la r\u00e9alisation de son site internet pour son activit\u00e9 de r\u00e9flexologie. Un site internet est la meilleure vitrine des services qu&rsquo;elle propose. Une ou plusieurs s\u00e9ances permettent une d\u00e9tente compl\u00e8te et une sensation de bien \u00eatre pendant 45 min et [&hellip;]<\/p>\n","protected":false},"author":1,"featured_media":0,"parent":0,"menu_order":0,"comment_status":"closed","ping_status":"closed","template":"","meta":{"om_disable_all_campaigns":false,"_monsterinsights_skip_tracking":false,"_monsterinsights_sitenote_active":false,"_monsterinsights_sitenote_note":"","_monsterinsights_sitenote_category":0,"site-sidebar-layout":"no-sidebar","site-content-layout":"page-builder","ast-site-content-layout":"full-width-container","site-content-style":"unboxed","site-sidebar-style":"unboxed","ast-global-header-display":"","ast-banner-title-visibility":"","ast-main-header-display":"","ast-hfb-above-header-display":"","ast-hfb-below-header-display":"","ast-hfb-mobile-header-display":"","site-post-title":"disabled","ast-breadcrumbs-content":"","ast-featured-img":"disabled","footer-sml-layout":"","ast-disable-related-posts":"","theme-transparent-header-meta":"","adv-header-id-meta":"","stick-header-meta":"","header-above-stick-meta":"","header-main-stick-meta":"","header-below-stick-meta":"","astra-migrate-meta-layouts":"set","ast-page-background-enabled":"default","ast-page-background-meta":{"desktop":{"background-color":"","background-image":"","background-repeat":"repeat","background-position":"center center","background-size":"auto","background-attachment":"scroll","background-type":"","background-media":"","overlay-type":"","overlay-color":"","overlay-opacity":"","overlay-gradient":""},"tablet":{"background-color":"","background-image":"","background-repeat":"repeat","background-position":"center center","background-size":"auto","background-attachment":"scroll","background-type":"","background-media":"","overlay-type":"","overlay-color":"","overlay-opacity":"","overlay-gradient":""},"mobile":{"background-color":"","background-image":"","background-repeat":"repeat","background-position":"center center","background-size":"auto","background-attachment":"scroll","background-type":"","background-media":"","overlay-type":"","overlay-color":"","overlay-opacity":"","overlay-gradient":""}},"ast-content-background-meta":{"desktop":{"background-color":"var(--ast-global-color-5)","background-image":"","background-repeat":"repeat","background-position":"center center","background-size":"auto","background-attachment":"scroll","background-type":"","background-media":"","overlay-type":"","overlay-color":"","overlay-opacity":"","overlay-gradient":""},"tablet":{"background-color":"var(--ast-global-color-5)","background-image":"","background-repeat":"repeat","background-position":"center center","background-size":"auto","background-attachment":"scroll","background-type":"","background-media":"","overlay-type":"","overlay-color":"","overlay-opacity":"","overlay-gradient":""},"mobile":{"background-color":"var(--ast-global-color-5)","background-image":"","background-repeat":"repeat","background-position":"center center","background-size":"auto","background-attachment":"scroll","background-type":"","background-media":"","overlay-type":"","overlay-color":"","overlay-opacity":"","overlay-gradient":""}},"footnotes":""},"class_list":["post-4365","page","type-page","status-publish","hentry"],"aioseo_notices":[],"jetpack_sharing_enabled":true,"_links":{"self":[{"href":"https:\/\/informatiquedelavallee.fr\/index.php\/wp-json\/wp\/v2\/pages\/4365","targetHints":{"allow":["GET"]}}],"collection":[{"href":"https:\/\/informatiquedelavallee.fr\/index.php\/wp-json\/wp\/v2\/pages"}],"about":[{"href":"https:\/\/informatiquedelavallee.fr\/index.php\/wp-json\/wp\/v2\/types\/page"}],"author":[{"embeddable":true,"href":"https:\/\/informatiquedelavallee.fr\/index.php\/wp-json\/wp\/v2\/users\/1"}],"replies":[{"embeddable":true,"href":"https:\/\/informatiquedelavallee.fr\/index.php\/wp-json\/wp\/v2\/comments?post=4365"}],"version-history":[{"count":27,"href":"https:\/\/informatiquedelavallee.fr\/index.php\/wp-json\/wp\/v2\/pages\/4365\/revisions"}],"predecessor-version":[{"id":4957,"href":"https:\/\/informatiquedelavallee.fr\/index.php\/wp-json\/wp\/v2\/pages\/4365\/revisions\/4957"}],"wp:attachment":[{"href":"https:\/\/informatiquedelavallee.fr\/index.php\/wp-json\/wp\/v2\/media?parent=4365"}],"curies":[{"name":"wp","href":"https:\/\/api.w.org\/{rel}","templated":true}]}}