{"id":819,"date":"2026-01-23T07:31:06","date_gmt":"2026-01-23T06:31:06","guid":{"rendered":"http:\/\/informatiquedelavallee.fr\/index.php\/home\/"},"modified":"2026-04-03T20:58:30","modified_gmt":"2026-04-03T19:58:30","slug":"home","status":"publish","type":"page","link":"https:\/\/informatiquedelavallee.fr\/","title":{"rendered":"Accueil"},"content":{"rendered":"\t\t<div data-elementor-type=\"wp-post\" data-elementor-id=\"819\" class=\"elementor elementor-819\">\n\t\t\t\t\t\t<section class=\"elementor-section elementor-top-section elementor-element elementor-element-7ae8eb8 elementor-section-height-min-height elementor-section-content-middle elementor-section-boxed elementor-section-height-default elementor-section-items-middle\" data-id=\"7ae8eb8\" data-element_type=\"section\" data-e-type=\"section\" data-settings=\"{&quot;background_background&quot;:&quot;classic&quot;}\">\n\t\t\t\t\t\t\t<div class=\"elementor-background-overlay\"><\/div>\n\t\t\t\t\t\t\t<div class=\"elementor-container elementor-column-gap-no\">\n\t\t\t\t\t<div class=\"elementor-column elementor-col-100 elementor-top-column elementor-element elementor-element-e734523\" data-id=\"e734523\" data-element_type=\"column\" data-e-type=\"column\">\n\t\t\t<div class=\"elementor-widget-wrap elementor-element-populated\">\n\t\t\t\t\t\t<div class=\"elementor-element elementor-element-fb0d4ec elementor-widget elementor-widget-heading\" data-id=\"fb0d4ec\" data-element_type=\"widget\" data-e-type=\"widget\" data-widget_type=\"heading.default\">\n\t\t\t\t<div class=\"elementor-widget-container\">\n\t\t\t\t\t<h5 class=\"elementor-heading-title elementor-size-default\">Informatique de la Valll\u00e9e<\/h5>\t\t\t\t<\/div>\n\t\t\t\t<\/div>\n\t\t\t\t<div class=\"elementor-element elementor-element-291db26 elementor-widget elementor-widget-heading\" data-id=\"291db26\" data-element_type=\"widget\" data-e-type=\"widget\" data-widget_type=\"heading.default\">\n\t\t\t\t<div class=\"elementor-widget-container\">\n\t\t\t\t\t<h1 class=\"elementor-heading-title elementor-size-default\">L'informatique  \u00e0 la port\u00e9e de tous<\/h1>\t\t\t\t<\/div>\n\t\t\t\t<\/div>\n\t\t\t\t<div class=\"elementor-element elementor-element-12ad138 elementor-widget elementor-widget-button\" data-id=\"12ad138\" data-element_type=\"widget\" data-e-type=\"widget\" data-widget_type=\"button.default\">\n\t\t\t\t<div class=\"elementor-widget-container\">\n\t\t\t\t\t\t\t\t\t<div class=\"elementor-button-wrapper\">\n\t\t\t\t\t<a class=\"elementor-button elementor-button-link elementor-size-md\" href=\"https:\/\/informatiquedelavallee.fr\/index.php\/prestations\/\">\n\t\t\t\t\t\t<span class=\"elementor-button-content-wrapper\">\n\t\t\t\t\t\t\t\t\t<span class=\"elementor-button-text\">Prestations<\/span>\n\t\t\t\t\t<\/span>\n\t\t\t\t\t<\/a>\n\t\t\t\t<\/div>\n\t\t\t\t\t\t\t\t<\/div>\n\t\t\t\t<\/div>\n\t\t\t\t\t<\/div>\n\t\t<\/div>\n\t\t\t\t\t<\/div>\n\t\t<\/section>\n\t\t\t\t<section class=\"elementor-section elementor-top-section elementor-element elementor-element-7f176bb elementor-section-boxed elementor-section-height-default elementor-section-height-default\" data-id=\"7f176bb\" data-element_type=\"section\" data-e-type=\"section\">\n\t\t\t\t\t\t<div class=\"elementor-container elementor-column-gap-default\">\n\t\t\t\t\t<div class=\"elementor-column elementor-col-100 elementor-top-column elementor-element elementor-element-54fbb0e\" data-id=\"54fbb0e\" data-element_type=\"column\" data-e-type=\"column\">\n\t\t\t<div class=\"elementor-widget-wrap elementor-element-populated\">\n\t\t\t\t\t\t<div class=\"elementor-element elementor-element-d5b440b elementor-widget elementor-widget-text-editor\" data-id=\"d5b440b\" data-element_type=\"widget\" data-e-type=\"widget\" data-widget_type=\"text-editor.default\">\n\t\t\t\t<div class=\"elementor-widget-container\">\n\t\t\t\t\t\t\t\t\t<p>\u00a0Bienvenue chez <strong>Informatique de la Vall\u00e9e<\/strong> \u00e0 Beaufort en Anjou 49250, commune nouvelle depuis le regroupement de Beaufort en Vall\u00e9e 49250 et G\u00e9e 49250.<\/p><p>De nous jours, l&rsquo;informatique et l&rsquo;utilisation d&rsquo;internet sont devenus indispensables avec l&rsquo;accroissement du t\u00e9l\u00e9travail et l&rsquo;utilisation de plus en plus forte des nouvelles technologies, c&rsquo;est pourquoi <strong>Informatique de la vall\u00e9e<\/strong> propose des <a href=\"https:\/\/informatiquedelavallee.fr\/index.php\/prestations\/\">prestations<\/a> comme du <a href=\"https:\/\/informatiquedelavallee.fr\/index.php\/product\/depannage-informatique-a-distance\/\">d\u00e9pannage informatique \u00e0 distance<\/a>, ou la <a href=\"https:\/\/informatiquedelavallee.fr\/index.php\/product\/creation-dun-site-internet\/\">cr\u00e9ation de sites internet<\/a>. Nous fournissons des conseils en cybers\u00e9curit\u00e9 pour lutter contre les actes de cybermalveillance.<\/p><p><img fetchpriority=\"high\" decoding=\"async\" data-recalc-dims=\"1\" class=\"size-medium wp-image-4455 aligncenter\" src=\"https:\/\/i0.wp.com\/informatiquedelavallee.fr\/wp-content\/uploads\/2023\/04\/laptop-mockup-graphics-tablet-2838921-e1681391356357-300x178.jpg?resize=300%2C178&#038;ssl=1\" alt=\"laptop, mockup, graphics tablet-2838921.jpg\" width=\"300\" height=\"178\" srcset=\"https:\/\/i0.wp.com\/informatiquedelavallee.fr\/wp-content\/uploads\/2023\/04\/laptop-mockup-graphics-tablet-2838921-e1681391356357.jpg?resize=300%2C178&amp;ssl=1 300w, https:\/\/i0.wp.com\/informatiquedelavallee.fr\/wp-content\/uploads\/2023\/04\/laptop-mockup-graphics-tablet-2838921-e1681391356357.jpg?resize=64%2C38&amp;ssl=1 64w, https:\/\/i0.wp.com\/informatiquedelavallee.fr\/wp-content\/uploads\/2023\/04\/laptop-mockup-graphics-tablet-2838921-e1681391356357.jpg?w=350&amp;ssl=1 350w\" sizes=\"(max-width: 300px) 100vw, 300px\" \/><\/p><p>Pour les habitants de la r\u00e9gion autour de Beaufort en Vall\u00e9e, nous proposons du <a href=\"https:\/\/informatiquedelavallee.fr\/index.php\/product\/depannage-informatique-a-domicile\/\">d\u00e9pannage informatique \u00e0 domicile.<\/a><\/p><p>Nous intervenons \u00e9galement aupr\u00e8s des professionnels pour leur apporter le soutien et l&rsquo;expertise n\u00e9cessaire \u00e0 la poursuite de leur activit\u00e9. Nous intervenons \u00e9galement en marque blanche sur demande.<\/p><p><a href=\"https:\/\/i0.wp.com\/informatiquedelavallee.fr\/wp-content\/uploads\/2019\/01\/intervention.jpg?w=931&amp;ssl=1\" target=\"_blank\" rel=\"noopener\">Voir ici<\/a> les communes prises en charge pour les interventions \u00e0 domicile.<\/p>\t\t\t\t\t\t\t\t<\/div>\n\t\t\t\t<\/div>\n\t\t\t\t\t<\/div>\n\t\t<\/div>\n\t\t\t\t\t<\/div>\n\t\t<\/section>\n\t\t\t\t<section class=\"elementor-section elementor-top-section elementor-element elementor-element-3d36450 elementor-section-boxed elementor-section-height-default elementor-section-height-default\" data-id=\"3d36450\" data-element_type=\"section\" data-e-type=\"section\">\n\t\t\t\t\t\t<div class=\"elementor-container elementor-column-gap-no\">\n\t\t\t\t\t<div class=\"elementor-column elementor-col-33 elementor-top-column elementor-element elementor-element-3999eb5\" data-id=\"3999eb5\" data-element_type=\"column\" data-e-type=\"column\">\n\t\t\t<div class=\"elementor-widget-wrap elementor-element-populated\">\n\t\t\t\t\t\t<div class=\"elementor-element elementor-element-d38a3da elementor-view-stacked elementor-position-inline-start elementor-widget__width-auto elementor-shape-circle elementor-mobile-position-block-start elementor-widget elementor-widget-icon-box\" data-id=\"d38a3da\" data-element_type=\"widget\" data-e-type=\"widget\" data-widget_type=\"icon-box.default\">\n\t\t\t\t<div class=\"elementor-widget-container\">\n\t\t\t\t\t\t\t<div class=\"elementor-icon-box-wrapper\">\n\n\t\t\t\t\t\t<div class=\"elementor-icon-box-icon\">\n\t\t\t\t<span  class=\"elementor-icon\">\n\t\t\t\t<svg xmlns=\"http:\/\/www.w3.org\/2000\/svg\" xmlns:xlink=\"http:\/\/www.w3.org\/1999\/xlink\" id=\"Layer_1\" x=\"0px\" y=\"0px\" viewBox=\"0 0 64 42\" style=\"enable-background:new 0 0 64 42;\" xml:space=\"preserve\"><style type=\"text\/css\">\t.st0{fill:#FFFFFF;}\t.st1{fill:#57A863;}\t.st2{fill:#00209F;}\t.st3{fill:#F32840;}<\/style><path id=\"Rounded_Rectangle_7_copy\" class=\"st0\" d=\"M5.8,0h52.3C61.4,0,64,2.6,64,5.7v30.6c0,3.2-2.6,5.7-5.8,5.7H5.8  C2.6,42,0,39.4,0,36.3V5.7C0,2.6,2.6,0,5.8,0z\"><\/path><path class=\"st1\" d=\"M64,5.3v31.4c0-0.1,0-0.3,0-0.4V5.7C64,5.6,64,5.5,64,5.3z\"><\/path><path class=\"st2\" d=\"M5.8,42h15.5V0H5.8C2.6,0,0,2.6,0,5.7v30.7C0,39.5,2.6,42.1,5.8,42z\"><\/path><path class=\"st3\" d=\"M58.2,42H42.7V0h15.5C61.4,0,64,2.6,64,5.7v30.7C64,39.5,61.4,42.1,58.2,42z\"><\/path><\/svg>\t\t\t\t<\/span>\n\t\t\t<\/div>\n\t\t\t\n\t\t\t\t\t\t<div class=\"elementor-icon-box-content\">\n\n\t\t\t\t\t\t\t\t\t<h5 class=\"elementor-icon-box-title\">\n\t\t\t\t\t\t<span  >\n\t\t\t\t\t\t\tUne entreprise fran\u00e7aise\t\t\t\t\t\t<\/span>\n\t\t\t\t\t<\/h5>\n\t\t\t\t\n\t\t\t\t\t\t\t\t\t<p class=\"elementor-icon-box-description\">\n\t\t\t\t\t\tBas\u00e9e dans le Maine et Loire (49).\t\t\t\t\t<\/p>\n\t\t\t\t\n\t\t\t<\/div>\n\t\t\t\n\t\t<\/div>\n\t\t\t\t\t\t<\/div>\n\t\t\t\t<\/div>\n\t\t\t\t\t<\/div>\n\t\t<\/div>\n\t\t\t\t<div class=\"elementor-column elementor-col-33 elementor-top-column elementor-element elementor-element-b37c16b\" data-id=\"b37c16b\" data-element_type=\"column\" data-e-type=\"column\">\n\t\t\t<div class=\"elementor-widget-wrap elementor-element-populated\">\n\t\t\t\t\t\t<div class=\"elementor-element elementor-element-ac1caf9 elementor-view-stacked elementor-position-inline-start elementor-widget__width-auto elementor-shape-circle elementor-mobile-position-block-start elementor-widget elementor-widget-icon-box\" data-id=\"ac1caf9\" data-element_type=\"widget\" data-e-type=\"widget\" data-widget_type=\"icon-box.default\">\n\t\t\t\t<div class=\"elementor-widget-container\">\n\t\t\t\t\t\t\t<div class=\"elementor-icon-box-wrapper\">\n\n\t\t\t\t\t\t<div class=\"elementor-icon-box-icon\">\n\t\t\t\t<span  class=\"elementor-icon\">\n\t\t\t\t<i aria-hidden=\"true\" class=\"fas fa-car-side\"><\/i>\t\t\t\t<\/span>\n\t\t\t<\/div>\n\t\t\t\n\t\t\t\t\t\t<div class=\"elementor-icon-box-content\">\n\n\t\t\t\t\t\t\t\t\t<h5 class=\"elementor-icon-box-title\">\n\t\t\t\t\t\t<span  >\n\t\t\t\t\t\t\tD\u00e9placement\t\t\t\t\t\t<\/span>\n\t\t\t\t\t<\/h5>\n\t\t\t\t\n\t\t\t\t\t\t\t\t\t<p class=\"elementor-icon-box-description\">\n\t\t\t\t\t\tLes d\u00e9placements autour de Beaufort en Anjou sont possibles sur rendez-vous.\t\t\t\t\t<\/p>\n\t\t\t\t\n\t\t\t<\/div>\n\t\t\t\n\t\t<\/div>\n\t\t\t\t\t\t<\/div>\n\t\t\t\t<\/div>\n\t\t\t\t\t<\/div>\n\t\t<\/div>\n\t\t\t\t<div class=\"elementor-column elementor-col-33 elementor-top-column elementor-element elementor-element-67214ef\" data-id=\"67214ef\" data-element_type=\"column\" data-e-type=\"column\">\n\t\t\t<div class=\"elementor-widget-wrap elementor-element-populated\">\n\t\t\t\t\t\t<div class=\"elementor-element elementor-element-d1af5a3 elementor-view-stacked elementor-position-inline-start elementor-widget__width-auto elementor-shape-circle elementor-mobile-position-block-start elementor-widget elementor-widget-icon-box\" data-id=\"d1af5a3\" data-element_type=\"widget\" data-e-type=\"widget\" data-widget_type=\"icon-box.default\">\n\t\t\t\t<div class=\"elementor-widget-container\">\n\t\t\t\t\t\t\t<div class=\"elementor-icon-box-wrapper\">\n\n\t\t\t\t\t\t<div class=\"elementor-icon-box-icon\">\n\t\t\t\t<span  class=\"elementor-icon\">\n\t\t\t\t<i aria-hidden=\"true\" class=\"far fa-credit-card\"><\/i>\t\t\t\t<\/span>\n\t\t\t<\/div>\n\t\t\t\n\t\t\t\t\t\t<div class=\"elementor-icon-box-content\">\n\n\t\t\t\t\t\t\t\t\t<h5 class=\"elementor-icon-box-title\">\n\t\t\t\t\t\t<span  >\n\t\t\t\t\t\t\tPaiement par CB\t\t\t\t\t\t<\/span>\n\t\t\t\t\t<\/h5>\n\t\t\t\t\n\t\t\t\t\t\t\t\t\t<p class=\"elementor-icon-box-description\">\n\t\t\t\t\t\tLe paiement par CB est s\u00e9curis\u00e9 chez Informatique de la vall\u00e9e.\t\t\t\t\t<\/p>\n\t\t\t\t\n\t\t\t<\/div>\n\t\t\t\n\t\t<\/div>\n\t\t\t\t\t\t<\/div>\n\t\t\t\t<\/div>\n\t\t\t\t\t<\/div>\n\t\t<\/div>\n\t\t\t\t\t<\/div>\n\t\t<\/section>\n\t\t\t\t<section class=\"elementor-section elementor-top-section elementor-element elementor-element-102b87b elementor-section-boxed elementor-section-height-default elementor-section-height-default\" data-id=\"102b87b\" data-element_type=\"section\" data-e-type=\"section\">\n\t\t\t\t\t\t<div class=\"elementor-container elementor-column-gap-default\">\n\t\t\t\t\t<div class=\"elementor-column elementor-col-33 elementor-top-column elementor-element elementor-element-d4600fa\" data-id=\"d4600fa\" data-element_type=\"column\" data-e-type=\"column\">\n\t\t\t<div class=\"elementor-widget-wrap elementor-element-populated\">\n\t\t\t\t\t\t<div class=\"elementor-element elementor-element-492d70b elementor-widget elementor-widget-image\" data-id=\"492d70b\" data-element_type=\"widget\" data-e-type=\"widget\" data-widget_type=\"image.default\">\n\t\t\t\t<div class=\"elementor-widget-container\">\n\t\t\t\t\t\t\t\t\t\t\t\t\t\t\t<img decoding=\"async\" width=\"931\" height=\"898\" src=\"https:\/\/i0.wp.com\/informatiquedelavallee.fr\/wp-content\/uploads\/2019\/01\/intervention.jpg?fit=931%2C898&amp;ssl=1\" class=\"attachment-large size-large wp-image-1379\" alt=\"\" srcset=\"https:\/\/i0.wp.com\/informatiquedelavallee.fr\/wp-content\/uploads\/2019\/01\/intervention.jpg?w=931&amp;ssl=1 931w, https:\/\/i0.wp.com\/informatiquedelavallee.fr\/wp-content\/uploads\/2019\/01\/intervention.jpg?resize=300%2C289&amp;ssl=1 300w, https:\/\/i0.wp.com\/informatiquedelavallee.fr\/wp-content\/uploads\/2019\/01\/intervention.jpg?resize=768%2C741&amp;ssl=1 768w, https:\/\/i0.wp.com\/informatiquedelavallee.fr\/wp-content\/uploads\/2019\/01\/intervention.jpg?resize=600%2C579&amp;ssl=1 600w\" sizes=\"(max-width: 931px) 100vw, 931px\" \/>\t\t\t\t\t\t\t\t\t\t\t\t\t\t\t<\/div>\n\t\t\t\t<\/div>\n\t\t\t\t\t<\/div>\n\t\t<\/div>\n\t\t\t\t<div class=\"elementor-column elementor-col-66 elementor-top-column elementor-element elementor-element-d1671f4\" data-id=\"d1671f4\" data-element_type=\"column\" data-e-type=\"column\">\n\t\t\t<div class=\"elementor-widget-wrap elementor-element-populated\">\n\t\t\t\t\t\t<div class=\"elementor-element elementor-element-3cd39e3 elementor-widget elementor-widget-text-editor\" data-id=\"3cd39e3\" data-element_type=\"widget\" data-e-type=\"widget\" data-widget_type=\"text-editor.default\">\n\t\t\t\t<div class=\"elementor-widget-container\">\n\t\t\t\t\t\t\t\t\t<p>Je me d\u00e9place \u00e0 domicile ou en entreprise autour de Beaufort en Anjou, Beaufort en Vall\u00e9e, G\u00e9e, Les Bois d&rsquo;Anjou, Fontaine Guerin, Saint Georges du bois, Brion, Longu\u00e9 Jumelles, Blou, Saint philbert du peuple, Vivy, Mouliherne, La M\u00e9nitr\u00e9, Sermaise, Maz\u00e9 Milon, Vernantes, Baug\u00e9 en Anjou,Les Rosiers sur Loire, Cuon, Auverse, Echemir\u00e9, Fontaine Milon, Saint Mathurin sur Loire, Boc\u00e9, Chartren\u00e9 ,Chevir\u00e9 le Rouge, Chaumont d&rsquo;Anjou, Baun\u00e9, La Bohalle, Corn\u00e9, Cornill\u00e9 les caves, Auverse, Masse, Lini\u00e8res Bouton, Saint R\u00e9my la varenne.<\/p>\t\t\t\t\t\t\t\t<\/div>\n\t\t\t\t<\/div>\n\t\t\t\t\t<\/div>\n\t\t<\/div>\n\t\t\t\t\t<\/div>\n\t\t<\/section>\n\t\t\t\t<section class=\"elementor-section elementor-top-section elementor-element elementor-element-2d4c3e7 elementor-section-boxed elementor-section-height-default elementor-section-height-default\" data-id=\"2d4c3e7\" data-element_type=\"section\" data-e-type=\"section\">\n\t\t\t\t\t\t<div class=\"elementor-container elementor-column-gap-no\">\n\t\t\t\t\t<div class=\"elementor-column elementor-col-33 elementor-top-column elementor-element elementor-element-9eda4ff\" data-id=\"9eda4ff\" data-element_type=\"column\" data-e-type=\"column\">\n\t\t\t<div class=\"elementor-widget-wrap elementor-element-populated\">\n\t\t\t\t\t\t<div class=\"elementor-element elementor-element-9c77da5 elementor-widget elementor-widget-heading\" data-id=\"9c77da5\" data-element_type=\"widget\" data-e-type=\"widget\" data-widget_type=\"heading.default\">\n\t\t\t\t<div class=\"elementor-widget-container\">\n\t\t\t\t\t<h3 class=\"elementor-heading-title elementor-size-default\">Besoin d'aide pour faire votre choix ?<\/h3>\t\t\t\t<\/div>\n\t\t\t\t<\/div>\n\t\t\t\t<div class=\"elementor-element elementor-element-55531aa elementor-align-center elementor-widget elementor-widget-button\" data-id=\"55531aa\" data-element_type=\"widget\" data-e-type=\"widget\" data-widget_type=\"button.default\">\n\t\t\t\t<div class=\"elementor-widget-container\">\n\t\t\t\t\t\t\t\t\t<div class=\"elementor-button-wrapper\">\n\t\t\t\t\t<a class=\"elementor-button elementor-button-link elementor-size-sm\" href=\"https:\/\/informatiquedelavallee.fr\/index.php\/contact\/\">\n\t\t\t\t\t\t<span class=\"elementor-button-content-wrapper\">\n\t\t\t\t\t\t<span class=\"elementor-button-icon\">\n\t\t\t\t<i aria-hidden=\"true\" class=\"fas fa-phone\"><\/i>\t\t\t<\/span>\n\t\t\t\t\t\t\t\t\t<span class=\"elementor-button-text\">Posez une question<\/span>\n\t\t\t\t\t<\/span>\n\t\t\t\t\t<\/a>\n\t\t\t\t<\/div>\n\t\t\t\t\t\t\t\t<\/div>\n\t\t\t\t<\/div>\n\t\t\t\t\t<\/div>\n\t\t<\/div>\n\t\t\t\t<div class=\"elementor-column elementor-col-66 elementor-top-column elementor-element elementor-element-98ee26a\" data-id=\"98ee26a\" data-element_type=\"column\" data-e-type=\"column\">\n\t\t\t<div class=\"elementor-widget-wrap elementor-element-populated\">\n\t\t\t\t\t\t<div class=\"elementor-element elementor-element-12062fb elementor-widget elementor-widget-text-editor\" data-id=\"12062fb\" data-element_type=\"widget\" data-e-type=\"widget\" data-widget_type=\"text-editor.default\">\n\t\t\t\t<div class=\"elementor-widget-container\">\n\t\t\t\t\t\t\t\t\t<div>Informatique de la Vall\u00e9e vous aide \u00e0 choisir votre mat\u00e9riel en fonction de votre besoin et nous pouvons vous l&rsquo;installer (pour les <a href=\"https:\/\/i2.wp.com\/informatiquedelavallee.fr\/wp-content\/uploads\/2019\/01\/intervention.jpg?w=931&amp;ssl=1\" target=\"_blank\" rel=\"noopener\">communes prises en charge voir ici<\/a>) et vous accompagner pour une meilleure utilisation.<\/div>\t\t\t\t\t\t\t\t<\/div>\n\t\t\t\t<\/div>\n\t\t\t\t\t<\/div>\n\t\t<\/div>\n\t\t\t\t\t<\/div>\n\t\t<\/section>\n\t\t\t\t<section class=\"elementor-section elementor-top-section elementor-element elementor-element-cc5495a elementor-section-boxed elementor-section-height-default elementor-section-height-default\" data-id=\"cc5495a\" data-element_type=\"section\" data-e-type=\"section\">\n\t\t\t\t\t\t<div class=\"elementor-container elementor-column-gap-default\">\n\t\t\t\t\t<div class=\"elementor-column elementor-col-100 elementor-top-column elementor-element elementor-element-c0fb5ec\" data-id=\"c0fb5ec\" data-element_type=\"column\" data-e-type=\"column\">\n\t\t\t<div class=\"elementor-widget-wrap elementor-element-populated\">\n\t\t\t\t\t\t<div class=\"elementor-element elementor-element-d4a69c7 elementor-widget__width-initial elementor-widget elementor-widget-text-editor\" data-id=\"d4a69c7\" data-element_type=\"widget\" data-e-type=\"widget\" data-widget_type=\"text-editor.default\">\n\t\t\t\t<div class=\"elementor-widget-container\">\n\t\t\t\t\t\t\t\t\t<p><span style=\"text-decoration: underline;\">N<\/span><u>os sp\u00e9cialit\u00e9s :<br \/><\/u><\/p><p>Informatique : Windows toutes versions, distributions Linux(Ubuntu etc), imprimantes, NAS Synology, Qnap et OpenMediavault, smartphones Android et IOS Iphones, onduleurs.<\/p><p>Bureautique Microsoft Office, Administration Office 365, Libreoffice, Openoffice.<\/p><p>R\u00e9seaux TCP\/IP, CPL, WIFI, VPN, SFTP, RSYNC.<\/p><p>Serveur Microsoft Windows Server, Virtualisation PROXMOX.<\/p><p>R\u00e9cup\u00e9ration de donn\u00e9es sur disque dur.<\/p><p>Webmarketing, cr\u00e9ation de logos, montage vid\u00e9o.<\/p><p>Web : R\u00e9seaux sociaux(Facebook), Cr\u00e9ation de site web simples ou \u00e9labor\u00e9s (WordPress), reprise de sites internet existants, h\u00e9bergeurs OVH, Wix, Hostinger.<\/p><p>R\u00e9f\u00e9rent cybers\u00e9curit\u00e9 pour TPE et PME.<\/p><p>Bonnes pratiques informatiques, confidentialit\u00e9 et conseils.<\/p><p>Nous consulter pour plus de d\u00e9tails.<\/p>\t\t\t\t\t\t\t\t<\/div>\n\t\t\t\t<\/div>\n\t\t\t\t\t<\/div>\n\t\t<\/div>\n\t\t\t\t\t<\/div>\n\t\t<\/section>\n\t\t\t\t<\/div>\n\t\t","protected":false},"excerpt":{"rendered":"<p>Informatique de la Valll\u00e9e L&rsquo;informatique \u00e0 la port\u00e9e de tous Prestations \u00a0Bienvenue chez Informatique de la Vall\u00e9e \u00e0 Beaufort en Anjou 49250, commune nouvelle depuis le regroupement de Beaufort en Vall\u00e9e 49250 et G\u00e9e 49250. De nous jours, l&rsquo;informatique et l&rsquo;utilisation d&rsquo;internet sont devenus indispensables avec l&rsquo;accroissement du t\u00e9l\u00e9travail et l&rsquo;utilisation de plus en plus [&hellip;]<\/p>\n","protected":false},"author":1,"featured_media":0,"parent":0,"menu_order":0,"comment_status":"closed","ping_status":"closed","template":"","meta":{"om_disable_all_campaigns":false,"_monsterinsights_skip_tracking":false,"_monsterinsights_sitenote_active":false,"_monsterinsights_sitenote_note":"","_monsterinsights_sitenote_category":0,"site-sidebar-layout":"no-sidebar","site-content-layout":"page-builder","ast-site-content-layout":"full-width-container","site-content-style":"unboxed","site-sidebar-style":"unboxed","ast-global-header-display":"","ast-banner-title-visibility":"","ast-main-header-display":"","ast-hfb-above-header-display":"","ast-hfb-below-header-display":"","ast-hfb-mobile-header-display":"","site-post-title":"disabled","ast-breadcrumbs-content":"","ast-featured-img":"disabled","footer-sml-layout":"","ast-disable-related-posts":"","theme-transparent-header-meta":"enabled","adv-header-id-meta":"","stick-header-meta":"","header-above-stick-meta":"","header-main-stick-meta":"","header-below-stick-meta":"","astra-migrate-meta-layouts":"set","ast-page-background-enabled":"default","ast-page-background-meta":{"desktop":{"background-color":"","background-image":"","background-repeat":"repeat","background-position":"center center","background-size":"auto","background-attachment":"scroll","background-type":"","background-media":"","overlay-type":"","overlay-color":"","overlay-opacity":"","overlay-gradient":""},"tablet":{"background-color":"","background-image":"","background-repeat":"repeat","background-position":"center center","background-size":"auto","background-attachment":"scroll","background-type":"","background-media":"","overlay-type":"","overlay-color":"","overlay-opacity":"","overlay-gradient":""},"mobile":{"background-color":"","background-image":"","background-repeat":"repeat","background-position":"center center","background-size":"auto","background-attachment":"scroll","background-type":"","background-media":"","overlay-type":"","overlay-color":"","overlay-opacity":"","overlay-gradient":""}},"ast-content-background-meta":{"desktop":{"background-color":"var(--ast-global-color-5)","background-image":"","background-repeat":"repeat","background-position":"center center","background-size":"auto","background-attachment":"scroll","background-type":"","background-media":"","overlay-type":"","overlay-color":"","overlay-opacity":"","overlay-gradient":""},"tablet":{"background-color":"var(--ast-global-color-5)","background-image":"","background-repeat":"repeat","background-position":"center center","background-size":"auto","background-attachment":"scroll","background-type":"","background-media":"","overlay-type":"","overlay-color":"","overlay-opacity":"","overlay-gradient":""},"mobile":{"background-color":"var(--ast-global-color-5)","background-image":"","background-repeat":"repeat","background-position":"center center","background-size":"auto","background-attachment":"scroll","background-type":"","background-media":"","overlay-type":"","overlay-color":"","overlay-opacity":"","overlay-gradient":""}},"footnotes":""},"class_list":["post-819","page","type-page","status-publish","hentry"],"aioseo_notices":[],"jetpack_sharing_enabled":true,"_links":{"self":[{"href":"https:\/\/informatiquedelavallee.fr\/index.php\/wp-json\/wp\/v2\/pages\/819","targetHints":{"allow":["GET"]}}],"collection":[{"href":"https:\/\/informatiquedelavallee.fr\/index.php\/wp-json\/wp\/v2\/pages"}],"about":[{"href":"https:\/\/informatiquedelavallee.fr\/index.php\/wp-json\/wp\/v2\/types\/page"}],"author":[{"embeddable":true,"href":"https:\/\/informatiquedelavallee.fr\/index.php\/wp-json\/wp\/v2\/users\/1"}],"replies":[{"embeddable":true,"href":"https:\/\/informatiquedelavallee.fr\/index.php\/wp-json\/wp\/v2\/comments?post=819"}],"version-history":[{"count":257,"href":"https:\/\/informatiquedelavallee.fr\/index.php\/wp-json\/wp\/v2\/pages\/819\/revisions"}],"predecessor-version":[{"id":4955,"href":"https:\/\/informatiquedelavallee.fr\/index.php\/wp-json\/wp\/v2\/pages\/819\/revisions\/4955"}],"wp:attachment":[{"href":"https:\/\/informatiquedelavallee.fr\/index.php\/wp-json\/wp\/v2\/media?parent=819"}],"curies":[{"name":"wp","href":"https:\/\/api.w.org\/{rel}","templated":true}]}}