{"id":1798,"date":"2021-06-10T08:32:38","date_gmt":"2021-06-10T07:32:38","guid":{"rendered":"https:\/\/informatiquedelavallee.fr\/?post_type=product&#038;p=1798"},"modified":"2022-08-28T13:27:33","modified_gmt":"2022-08-28T12:27:33","slug":"accompagnement-photo","status":"publish","type":"product","link":"https:\/\/informatiquedelavallee.fr\/index.php\/product\/accompagnement-photo\/","title":{"rendered":"Accompagnement pour r\u00e9cup\u00e9rer ou sauvegarder vos photos"},"content":{"rendered":"<p>Besoin d&rsquo;aide pour transf\u00e9rer vos photos depuis votre t\u00e9l\u00e9phone ?<\/p>\n<p>Nous pouvons vous aider pour les sauvegarder sur un autre support de stockage ou les transf\u00e9rer sur internet pour commander des tirages en ligne, cr\u00e9er une galerie en ligne etc&#8230;<\/p>\n<p>En plusieurs \u00e9tapes, nous pouvons r\u00e9cup\u00e9rer votre smartphone ou travailler \u00e0 distance si cela est possible.<\/p>\n<p>Le prix correspondant est dans la limite d&rsquo;une heure et peut varier suivant le nombre de photos \u00e0 traiter.<\/p>\n<p>Nous consulter pour plus de d\u00e9tails.<\/p>\n","protected":false},"excerpt":{"rendered":"<p>Aide pour g\u00e9rer vos photos de smartphone et lib\u00e9rer de la place.<\/p>\n","protected":false},"featured_media":1801,"comment_status":"closed","ping_status":"closed","template":"","meta":{"om_disable_all_campaigns":false,"_monsterinsights_skip_tracking":false,"_monsterinsights_sitenote_active":false,"_monsterinsights_sitenote_note":"","_monsterinsights_sitenote_category":0,"site-sidebar-layout":"default","site-content-layout":"default","ast-site-content-layout":"default","site-content-style":"default","site-sidebar-style":"default","ast-global-header-display":"","ast-banner-title-visibility":"","ast-main-header-display":"","ast-hfb-above-header-display":"","ast-hfb-below-header-display":"","ast-hfb-mobile-header-display":"","site-post-title":"","ast-breadcrumbs-content":"","ast-featured-img":"","footer-sml-layout":"","ast-disable-related-posts":"","theme-transparent-header-meta":"default","adv-header-id-meta":"","stick-header-meta":"","header-above-stick-meta":"","header-main-stick-meta":"","header-below-stick-meta":"","astra-migrate-meta-layouts":"default","ast-page-background-enabled":"default","ast-page-background-meta":{"desktop":{"background-color":"","background-image":"","background-repeat":"repeat","background-position":"center center","background-size":"auto","background-attachment":"scroll","background-type":"","background-media":"","overlay-type":"","overlay-color":"","overlay-opacity":"","overlay-gradient":""},"tablet":{"background-color":"","background-image":"","background-repeat":"repeat","background-position":"center center","background-size":"auto","background-attachment":"scroll","background-type":"","background-media":"","overlay-type":"","overlay-color":"","overlay-opacity":"","overlay-gradient":""},"mobile":{"background-color":"","background-image":"","background-repeat":"repeat","background-position":"center center","background-size":"auto","background-attachment":"scroll","background-type":"","background-media":"","overlay-type":"","overlay-color":"","overlay-opacity":"","overlay-gradient":""}},"ast-content-background-meta":{"desktop":{"background-color":"var(--ast-global-color-5)","background-image":"","background-repeat":"repeat","background-position":"center center","background-size":"auto","background-attachment":"scroll","background-type":"","background-media":"","overlay-type":"","overlay-color":"","overlay-opacity":"","overlay-gradient":""},"tablet":{"background-color":"var(--ast-global-color-5)","background-image":"","background-repeat":"repeat","background-position":"center center","background-size":"auto","background-attachment":"scroll","background-type":"","background-media":"","overlay-type":"","overlay-color":"","overlay-opacity":"","overlay-gradient":""},"mobile":{"background-color":"var(--ast-global-color-5)","background-image":"","background-repeat":"repeat","background-position":"center center","background-size":"auto","background-attachment":"scroll","background-type":"","background-media":"","overlay-type":"","overlay-color":"","overlay-opacity":"","overlay-gradient":""}}},"product_brand":[],"product_cat":[22],"product_tag":[],"class_list":{"0":"post-1798","1":"product","2":"type-product","3":"status-publish","4":"has-post-thumbnail","6":"product_cat-prestations","7":"desktop-align-left","8":"tablet-align-left","9":"mobile-align-left","11":"first","12":"instock","13":"virtual","14":"purchasable","15":"product-type-simple"},"aioseo_notices":[],"jetpack_sharing_enabled":true,"_links":{"self":[{"href":"https:\/\/informatiquedelavallee.fr\/index.php\/wp-json\/wp\/v2\/product\/1798","targetHints":{"allow":["GET"]}}],"collection":[{"href":"https:\/\/informatiquedelavallee.fr\/index.php\/wp-json\/wp\/v2\/product"}],"about":[{"href":"https:\/\/informatiquedelavallee.fr\/index.php\/wp-json\/wp\/v2\/types\/product"}],"replies":[{"embeddable":true,"href":"https:\/\/informatiquedelavallee.fr\/index.php\/wp-json\/wp\/v2\/comments?post=1798"}],"wp:featuredmedia":[{"embeddable":true,"href":"https:\/\/informatiquedelavallee.fr\/index.php\/wp-json\/wp\/v2\/media\/1801"}],"wp:attachment":[{"href":"https:\/\/informatiquedelavallee.fr\/index.php\/wp-json\/wp\/v2\/media?parent=1798"}],"wp:term":[{"taxonomy":"product_brand","embeddable":true,"href":"https:\/\/informatiquedelavallee.fr\/index.php\/wp-json\/wp\/v2\/product_brand?post=1798"},{"taxonomy":"product_cat","embeddable":true,"href":"https:\/\/informatiquedelavallee.fr\/index.php\/wp-json\/wp\/v2\/product_cat?post=1798"},{"taxonomy":"product_tag","embeddable":true,"href":"https:\/\/informatiquedelavallee.fr\/index.php\/wp-json\/wp\/v2\/product_tag?post=1798"}],"curies":[{"name":"wp","href":"https:\/\/api.w.org\/{rel}","templated":true}]}}