{"id":1866,"date":"2021-10-28T13:48:21","date_gmt":"2021-10-28T12:48:21","guid":{"rendered":"https:\/\/informatiquedelavallee.fr\/?post_type=product&#038;p=1866"},"modified":"2023-03-15T10:15:31","modified_gmt":"2023-03-15T09:15:31","slug":"booster-ordinateur-plus-rapide-abordable","status":"publish","type":"product","link":"https:\/\/informatiquedelavallee.fr\/index.php\/product\/booster-ordinateur-plus-rapide-abordable\/","title":{"rendered":"Booster votre ordinateur"},"content":{"rendered":"<p>Votre ordinateur est au ralenti ? Vous recherchez un diagnostic en vue de l\u2019acc\u00e9l\u00e9rer ?<\/p>\n<p>PC portable ou ordinateur fixe, nous rempla\u00e7ons des composants comme le disque dur, ajoutons de la m\u00e9moire vive.<\/p>\n<p>Nous mettons \u00e0 jour le syst\u00e8me d&rsquo;exploitation et nous pouvons m\u00eame le r\u00e9installer, tout en conservant vos donn\u00e9es.<\/p>\n<p>En manque d&rsquo;espace disque ou pour remplacer un disque dur lent par un disque dur plus rapide, notre expertise nous permet de trouver le point faible d&rsquo;un ordinateur et d&rsquo;y apporter une solution rapide et abordable.<\/p>\n<p>Nous luttons contre le gaspillage en donnant une nouvelle vie aux ordinateurs. Cela fait \u00e9galement partie de notre philosophie.<\/p>\n","protected":false},"excerpt":{"rendered":"<h1>Booster votre ordinateur.<\/h1>\n<p>Nous vous apportons notre expertise pour rendre votre ordinateur plus rapide.<\/p>\n<p><strong>Le prix ne comprends pas l&rsquo;achat de composants suppl\u00e9mentaires.<br \/>\n<\/strong><\/p>\n<p><a href=\"https:\/\/informatiquedelavallee.fr\/index.php\/contact\/\">Contactez nous<\/a> pour avoir un devis adapt\u00e9.<\/p>\n","protected":false},"featured_media":1872,"comment_status":"closed","ping_status":"closed","template":"","meta":{"om_disable_all_campaigns":false,"_monsterinsights_skip_tracking":false,"_monsterinsights_sitenote_active":false,"_monsterinsights_sitenote_note":"","_monsterinsights_sitenote_category":0,"site-sidebar-layout":"default","site-content-layout":"default","ast-site-content-layout":"default","site-content-style":"default","site-sidebar-style":"default","ast-global-header-display":"","ast-banner-title-visibility":"","ast-main-header-display":"","ast-hfb-above-header-display":"","ast-hfb-below-header-display":"","ast-hfb-mobile-header-display":"","site-post-title":"","ast-breadcrumbs-content":"","ast-featured-img":"","footer-sml-layout":"","ast-disable-related-posts":"","theme-transparent-header-meta":"default","adv-header-id-meta":"","stick-header-meta":"","header-above-stick-meta":"","header-main-stick-meta":"","header-below-stick-meta":"","astra-migrate-meta-layouts":"default","ast-page-background-enabled":"default","ast-page-background-meta":{"desktop":{"background-color":"","background-image":"","background-repeat":"repeat","background-position":"center center","background-size":"auto","background-attachment":"scroll","background-type":"","background-media":"","overlay-type":"","overlay-color":"","overlay-opacity":"","overlay-gradient":""},"tablet":{"background-color":"","background-image":"","background-repeat":"repeat","background-position":"center center","background-size":"auto","background-attachment":"scroll","background-type":"","background-media":"","overlay-type":"","overlay-color":"","overlay-opacity":"","overlay-gradient":""},"mobile":{"background-color":"","background-image":"","background-repeat":"repeat","background-position":"center center","background-size":"auto","background-attachment":"scroll","background-type":"","background-media":"","overlay-type":"","overlay-color":"","overlay-opacity":"","overlay-gradient":""}},"ast-content-background-meta":{"desktop":{"background-color":"var(--ast-global-color-5)","background-image":"","background-repeat":"repeat","background-position":"center center","background-size":"auto","background-attachment":"scroll","background-type":"","background-media":"","overlay-type":"","overlay-color":"","overlay-opacity":"","overlay-gradient":""},"tablet":{"background-color":"var(--ast-global-color-5)","background-image":"","background-repeat":"repeat","background-position":"center center","background-size":"auto","background-attachment":"scroll","background-type":"","background-media":"","overlay-type":"","overlay-color":"","overlay-opacity":"","overlay-gradient":""},"mobile":{"background-color":"var(--ast-global-color-5)","background-image":"","background-repeat":"repeat","background-position":"center center","background-size":"auto","background-attachment":"scroll","background-type":"","background-media":"","overlay-type":"","overlay-color":"","overlay-opacity":"","overlay-gradient":""}}},"product_brand":[],"product_cat":[22],"product_tag":[],"class_list":{"0":"post-1866","1":"product","2":"type-product","3":"status-publish","4":"has-post-thumbnail","6":"product_cat-prestations","7":"desktop-align-left","8":"tablet-align-left","9":"mobile-align-left","11":"first","12":"instock","13":"virtual","14":"product-type-simple"},"aioseo_notices":[],"jetpack_sharing_enabled":true,"_links":{"self":[{"href":"https:\/\/informatiquedelavallee.fr\/index.php\/wp-json\/wp\/v2\/product\/1866","targetHints":{"allow":["GET"]}}],"collection":[{"href":"https:\/\/informatiquedelavallee.fr\/index.php\/wp-json\/wp\/v2\/product"}],"about":[{"href":"https:\/\/informatiquedelavallee.fr\/index.php\/wp-json\/wp\/v2\/types\/product"}],"replies":[{"embeddable":true,"href":"https:\/\/informatiquedelavallee.fr\/index.php\/wp-json\/wp\/v2\/comments?post=1866"}],"wp:featuredmedia":[{"embeddable":true,"href":"https:\/\/informatiquedelavallee.fr\/index.php\/wp-json\/wp\/v2\/media\/1872"}],"wp:attachment":[{"href":"https:\/\/informatiquedelavallee.fr\/index.php\/wp-json\/wp\/v2\/media?parent=1866"}],"wp:term":[{"taxonomy":"product_brand","embeddable":true,"href":"https:\/\/informatiquedelavallee.fr\/index.php\/wp-json\/wp\/v2\/product_brand?post=1866"},{"taxonomy":"product_cat","embeddable":true,"href":"https:\/\/informatiquedelavallee.fr\/index.php\/wp-json\/wp\/v2\/product_cat?post=1866"},{"taxonomy":"product_tag","embeddable":true,"href":"https:\/\/informatiquedelavallee.fr\/index.php\/wp-json\/wp\/v2\/product_tag?post=1866"}],"curies":[{"name":"wp","href":"https:\/\/api.w.org\/{rel}","templated":true}]}}