{"id":2324,"date":"2021-12-20T10:57:40","date_gmt":"2021-12-20T09:57:40","guid":{"rendered":"https:\/\/informatiquedelavallee.fr\/?post_type=product&#038;p=2324"},"modified":"2024-03-06T08:50:11","modified_gmt":"2024-03-06T07:50:11","slug":"creation-dun-site-internet","status":"publish","type":"product","link":"https:\/\/informatiquedelavallee.fr\/index.php\/product\/creation-dun-site-internet\/","title":{"rendered":"Cr\u00e9ation d&rsquo;un site internet"},"content":{"rendered":"<p>Renforcer votre pr\u00e9sence sur le web en nous confiant la r\u00e9alisation de votre site internet avec<\/p>\n<ul>\n<li>Un style moderne qui s&rsquo;adapte \u00e0 toute les tailles d&rsquo;\u00e9cran ordinateur, smartphone, tablette (Responsive design)<\/li>\n<li>Cr\u00e9ation d&rsquo;articles facilement<\/li>\n<li>R\u00e9f\u00e9rencement naturel<\/li>\n<li>Formulaire de contact<\/li>\n<li>Mises \u00e0 jour r\u00e9guli\u00e8res<\/li>\n<li>\n<div>\n<p lang=\"fr\" role=\"text\" data-index=\"82\" data-page=\"1\">Nom de domaine .fr ou .com<\/p>\n<\/div>\n<\/li>\n<li>\n<div>\n<p lang=\"en\" role=\"text\" data-index=\"62\" data-page=\"1\"><span role=\"text\" data-index=\"65\" data-page=\"1\">H\u00e9bergement inclus pendant 1 an<br \/>\n<\/span><\/p>\n<\/div>\n<\/li>\n<\/ul>\n<p>Pour mieux comprendre votre projet, veuillez remplir le <a title=\"Questionnaire site internet\" href=\"https:\/\/docs.google.com\/forms\/d\/e\/1FAIpQLSf0XA4CiZ5__0FJywlYMyH1daiZesoQ6Oa1xRr2P2MKOSOh1Q\/viewform?usp=sf_link\" target=\"_blank\" rel=\"noopener\">questionnaire suivant<\/a>.<\/p>\n<p><a href=\"https:\/\/informatiquedelavallee.fr\/index.php\/contact\/\">Nous contacter<\/a> pour un devis personnalis\u00e9.<\/p>\n<p>Pour un site internet plus \u00e9volu\u00e9, nous vous proposons la cr\u00e9ation d&rsquo;une boutique en ligne Ecommerce : <strong>Nous consulter pour plus de d\u00e9tails.<\/strong><\/p>\n<p>Pour un site internet existant \u00e0 am\u00e9liorer, nous pouvons vous aider avec <a href=\"https:\/\/informatiquedelavallee.fr\/index.php\/product\/depannage-informatique-a-distance\/\">un d\u00e9pannage \u00e0 distance.<\/a><\/p>\n<p>Voici <a href=\"https:\/\/informatiquedelavallee.fr\/index.php\/nos-realisations\/\">nos r\u00e9alisations<\/a> de sites internet.<\/p>\n","protected":false},"excerpt":{"rendered":"<p>Un site web simple et de qualit\u00e9 \u00e0 l&rsquo;image de votre entreprise.<\/p>\n<p>Tarif sur devis<\/p>\n","protected":false},"featured_media":2325,"comment_status":"closed","ping_status":"closed","template":"","meta":{"om_disable_all_campaigns":false,"_monsterinsights_skip_tracking":false,"_monsterinsights_sitenote_active":false,"_monsterinsights_sitenote_note":"","_monsterinsights_sitenote_category":0,"site-sidebar-layout":"default","site-content-layout":"default","ast-site-content-layout":"default","site-content-style":"default","site-sidebar-style":"default","ast-global-header-display":"","ast-banner-title-visibility":"","ast-main-header-display":"","ast-hfb-above-header-display":"","ast-hfb-below-header-display":"","ast-hfb-mobile-header-display":"","site-post-title":"","ast-breadcrumbs-content":"","ast-featured-img":"","footer-sml-layout":"","ast-disable-related-posts":"","theme-transparent-header-meta":"default","adv-header-id-meta":"","stick-header-meta":"","header-above-stick-meta":"","header-main-stick-meta":"","header-below-stick-meta":"","astra-migrate-meta-layouts":"default","ast-page-background-enabled":"default","ast-page-background-meta":{"desktop":{"background-color":"","background-image":"","background-repeat":"repeat","background-position":"center center","background-size":"auto","background-attachment":"scroll","background-type":"","background-media":"","overlay-type":"","overlay-color":"","overlay-opacity":"","overlay-gradient":""},"tablet":{"background-color":"","background-image":"","background-repeat":"repeat","background-position":"center center","background-size":"auto","background-attachment":"scroll","background-type":"","background-media":"","overlay-type":"","overlay-color":"","overlay-opacity":"","overlay-gradient":""},"mobile":{"background-color":"","background-image":"","background-repeat":"repeat","background-position":"center center","background-size":"auto","background-attachment":"scroll","background-type":"","background-media":"","overlay-type":"","overlay-color":"","overlay-opacity":"","overlay-gradient":""}},"ast-content-background-meta":{"desktop":{"background-color":"var(--ast-global-color-5)","background-image":"","background-repeat":"repeat","background-position":"center center","background-size":"auto","background-attachment":"scroll","background-type":"","background-media":"","overlay-type":"","overlay-color":"","overlay-opacity":"","overlay-gradient":""},"tablet":{"background-color":"var(--ast-global-color-5)","background-image":"","background-repeat":"repeat","background-position":"center center","background-size":"auto","background-attachment":"scroll","background-type":"","background-media":"","overlay-type":"","overlay-color":"","overlay-opacity":"","overlay-gradient":""},"mobile":{"background-color":"var(--ast-global-color-5)","background-image":"","background-repeat":"repeat","background-position":"center center","background-size":"auto","background-attachment":"scroll","background-type":"","background-media":"","overlay-type":"","overlay-color":"","overlay-opacity":"","overlay-gradient":""}}},"product_brand":[],"product_cat":[22],"product_tag":[],"class_list":{"0":"post-2324","1":"product","2":"type-product","3":"status-publish","4":"has-post-thumbnail","6":"product_cat-prestations","7":"desktop-align-left","8":"tablet-align-left","9":"mobile-align-left","11":"first","12":"instock","13":"virtual","14":"product-type-simple"},"aioseo_notices":[],"jetpack_sharing_enabled":true,"_links":{"self":[{"href":"https:\/\/informatiquedelavallee.fr\/index.php\/wp-json\/wp\/v2\/product\/2324","targetHints":{"allow":["GET"]}}],"collection":[{"href":"https:\/\/informatiquedelavallee.fr\/index.php\/wp-json\/wp\/v2\/product"}],"about":[{"href":"https:\/\/informatiquedelavallee.fr\/index.php\/wp-json\/wp\/v2\/types\/product"}],"replies":[{"embeddable":true,"href":"https:\/\/informatiquedelavallee.fr\/index.php\/wp-json\/wp\/v2\/comments?post=2324"}],"wp:featuredmedia":[{"embeddable":true,"href":"https:\/\/informatiquedelavallee.fr\/index.php\/wp-json\/wp\/v2\/media\/2325"}],"wp:attachment":[{"href":"https:\/\/informatiquedelavallee.fr\/index.php\/wp-json\/wp\/v2\/media?parent=2324"}],"wp:term":[{"taxonomy":"product_brand","embeddable":true,"href":"https:\/\/informatiquedelavallee.fr\/index.php\/wp-json\/wp\/v2\/product_brand?post=2324"},{"taxonomy":"product_cat","embeddable":true,"href":"https:\/\/informatiquedelavallee.fr\/index.php\/wp-json\/wp\/v2\/product_cat?post=2324"},{"taxonomy":"product_tag","embeddable":true,"href":"https:\/\/informatiquedelavallee.fr\/index.php\/wp-json\/wp\/v2\/product_tag?post=2324"}],"curies":[{"name":"wp","href":"https:\/\/api.w.org\/{rel}","templated":true}]}}