{"id":4425,"date":"2023-03-15T09:59:58","date_gmt":"2023-03-15T08:59:58","guid":{"rendered":"https:\/\/informatiquedelavallee.fr\/?post_type=product&#038;p=4425"},"modified":"2025-09-16T19:13:17","modified_gmt":"2025-09-16T18:13:17","slug":"depannage-informatique-a-distance","status":"publish","type":"product","link":"https:\/\/informatiquedelavallee.fr\/index.php\/product\/depannage-informatique-a-distance\/","title":{"rendered":"D\u00e9pannage informatique \u00e0 distance"},"content":{"rendered":"<p>Besoin d&rsquo;un d\u00e9pannage informatique <strong>\u00e0 distance<\/strong> pour r\u00e9gler un probl\u00e8me sur votre ordinateur ?<\/p>\n<p>Vous rencontrez une difficult\u00e9 particuli\u00e8re et un d\u00e9pannage informatique par un expert est n\u00e9cessaire.<\/p>\n<p><strong>Informatique de la vall\u00e9e<\/strong> propose d&rsquo;intervenir \u00e0 distance en prenant le contr\u00f4le \u00e0 distance de votre ordinateur ou de votre smartphone.<\/p>\n<p>Pour gagner du temps et si votre ordinateur le permet, t\u00e9l\u00e9chargez Anydesk <a href=\"https:\/\/anydesk.com\/fr\/downloads\/thank-you?dv=win_exe\">en cliquant ici<\/a> pour une prise en main \u00e0 distance rapide et s\u00e9curis\u00e9e.<\/p>\n<p><strong>IMPORTANT : Obligatoirement sur rendez-vous.<\/strong><\/p>\n<p>Nouveau : <a href=\"https:\/\/calendar.app.google\/WVUgxxnfg7LbCd9A9\" target=\"_blank\" rel=\"noopener nofollow\">Prenez rendez-vous ici (Agenda Google)<\/a>.<\/p>\n<p><em>Pr\u00e9requis :<\/em> internet doit fonctionner sur l&rsquo;ordinateur pour un acc\u00e8s \u00e0 distance sinon pr\u00e9voir un <a href=\"https:\/\/informatiquedelavallee.fr\/index.php\/product\/depannage-informatique-a-domicile\/\">D\u00e9pannage informatique \u00e0 domicile.<\/a><\/p>\n","protected":false},"excerpt":{"rendered":"<p>D\u00e9pannage, param\u00e9trage ou installation \u00e0 distance (60 min max).<\/p>\n","protected":false},"featured_media":1323,"comment_status":"closed","ping_status":"closed","template":"","meta":{"om_disable_all_campaigns":false,"_monsterinsights_skip_tracking":false,"_monsterinsights_sitenote_active":false,"_monsterinsights_sitenote_note":"","_monsterinsights_sitenote_category":0,"site-sidebar-layout":"default","site-content-layout":"default","ast-site-content-layout":"default","site-content-style":"default","site-sidebar-style":"default","ast-global-header-display":"","ast-banner-title-visibility":"","ast-main-header-display":"","ast-hfb-above-header-display":"","ast-hfb-below-header-display":"","ast-hfb-mobile-header-display":"","site-post-title":"","ast-breadcrumbs-content":"","ast-featured-img":"","footer-sml-layout":"","ast-disable-related-posts":"","theme-transparent-header-meta":"default","adv-header-id-meta":"","stick-header-meta":"","header-above-stick-meta":"","header-main-stick-meta":"","header-below-stick-meta":"","astra-migrate-meta-layouts":"default","ast-page-background-enabled":"default","ast-page-background-meta":{"desktop":{"background-color":"","background-image":"","background-repeat":"repeat","background-position":"center center","background-size":"auto","background-attachment":"scroll","background-type":"","background-media":"","overlay-type":"","overlay-color":"","overlay-opacity":"","overlay-gradient":""},"tablet":{"background-color":"","background-image":"","background-repeat":"repeat","background-position":"center center","background-size":"auto","background-attachment":"scroll","background-type":"","background-media":"","overlay-type":"","overlay-color":"","overlay-opacity":"","overlay-gradient":""},"mobile":{"background-color":"","background-image":"","background-repeat":"repeat","background-position":"center center","background-size":"auto","background-attachment":"scroll","background-type":"","background-media":"","overlay-type":"","overlay-color":"","overlay-opacity":"","overlay-gradient":""}},"ast-content-background-meta":{"desktop":{"background-color":"var(--ast-global-color-5)","background-image":"","background-repeat":"repeat","background-position":"center center","background-size":"auto","background-attachment":"scroll","background-type":"","background-media":"","overlay-type":"","overlay-color":"","overlay-opacity":"","overlay-gradient":""},"tablet":{"background-color":"var(--ast-global-color-5)","background-image":"","background-repeat":"repeat","background-position":"center center","background-size":"auto","background-attachment":"scroll","background-type":"","background-media":"","overlay-type":"","overlay-color":"","overlay-opacity":"","overlay-gradient":""},"mobile":{"background-color":"var(--ast-global-color-5)","background-image":"","background-repeat":"repeat","background-position":"center center","background-size":"auto","background-attachment":"scroll","background-type":"","background-media":"","overlay-type":"","overlay-color":"","overlay-opacity":"","overlay-gradient":""}}},"product_brand":[],"product_cat":[22],"product_tag":[],"class_list":{"0":"post-4425","1":"product","2":"type-product","3":"status-publish","4":"has-post-thumbnail","6":"product_cat-prestations","7":"desktop-align-left","8":"tablet-align-left","9":"mobile-align-left","11":"first","12":"instock","13":"virtual","14":"purchasable","15":"product-type-simple"},"aioseo_notices":[],"jetpack_sharing_enabled":true,"_links":{"self":[{"href":"https:\/\/informatiquedelavallee.fr\/index.php\/wp-json\/wp\/v2\/product\/4425","targetHints":{"allow":["GET"]}}],"collection":[{"href":"https:\/\/informatiquedelavallee.fr\/index.php\/wp-json\/wp\/v2\/product"}],"about":[{"href":"https:\/\/informatiquedelavallee.fr\/index.php\/wp-json\/wp\/v2\/types\/product"}],"replies":[{"embeddable":true,"href":"https:\/\/informatiquedelavallee.fr\/index.php\/wp-json\/wp\/v2\/comments?post=4425"}],"wp:featuredmedia":[{"embeddable":true,"href":"https:\/\/informatiquedelavallee.fr\/index.php\/wp-json\/wp\/v2\/media\/1323"}],"wp:attachment":[{"href":"https:\/\/informatiquedelavallee.fr\/index.php\/wp-json\/wp\/v2\/media?parent=4425"}],"wp:term":[{"taxonomy":"product_brand","embeddable":true,"href":"https:\/\/informatiquedelavallee.fr\/index.php\/wp-json\/wp\/v2\/product_brand?post=4425"},{"taxonomy":"product_cat","embeddable":true,"href":"https:\/\/informatiquedelavallee.fr\/index.php\/wp-json\/wp\/v2\/product_cat?post=4425"},{"taxonomy":"product_tag","embeddable":true,"href":"https:\/\/informatiquedelavallee.fr\/index.php\/wp-json\/wp\/v2\/product_tag?post=4425"}],"curies":[{"name":"wp","href":"https:\/\/api.w.org\/{rel}","templated":true}]}}