{"id":4725,"date":"2024-04-08T20:44:05","date_gmt":"2024-04-08T19:44:05","guid":{"rendered":"https:\/\/informatiquedelavallee.fr\/?post_type=product&#038;p=4725"},"modified":"2024-04-08T20:54:18","modified_gmt":"2024-04-08T19:54:18","slug":"aide-victimes-piratages-informatiques","status":"publish","type":"product","link":"https:\/\/informatiquedelavallee.fr\/index.php\/product\/aide-victimes-piratages-informatiques\/","title":{"rendered":"Aide aux victimes de piratages informatiques"},"content":{"rendered":"<div class=\"flex flex-grow flex-col max-w-full\">\n<div class=\"min-h-[20px] text-message flex flex-col items-start gap-3 whitespace-pre-wrap break-words [.text-message+&amp;]:mt-5 overflow-x-auto\" dir=\"auto\" data-message-author-role=\"assistant\" data-message-id=\"6bf06559-d93a-4d32-b091-7d9feaee8ea7\">\n<div class=\"markdown prose w-full break-words dark:prose-invert light\">\n<p>Suite \u00e0 un piratage informatique, notre expert \u00ab\u00a0informatique de la vall\u00e9e\u00a0\u00bb sp\u00e9cialis\u00e9e en cybers\u00e9curit\u00e9 proposera une gamme de services curatifs et de rem\u00e9diation pour aider l&rsquo;entreprise victime \u00e0 restaurer sa s\u00e9curit\u00e9 et \u00e0 reprendre le contr\u00f4le de ses syst\u00e8mes. Voici quelques-uns de ces services :<\/p>\n<ol>\n<li><strong>Analyse de l&rsquo;incident<\/strong> : L&rsquo;\u00e9quipe de cybers\u00e9curit\u00e9 m\u00e8ne une analyse approfondie de l&rsquo;incident pour d\u00e9terminer l&rsquo;\u00e9tendue de la compromission, les m\u00e9thodes utilis\u00e9es par les attaquants et les syst\u00e8mes affect\u00e9s.<\/li>\n<li><strong>\u00c9limination de la menace<\/strong> : Identification et suppression des logiciels malveillants, des portes d\u00e9rob\u00e9es et d&rsquo;autres outils utilis\u00e9s par les attaquants pour acc\u00e9der au syst\u00e8me de l&rsquo;entreprise.<\/li>\n<li><strong>R\u00e9paration des vuln\u00e9rabilit\u00e9s<\/strong> : Identification des failles de s\u00e9curit\u00e9 qui ont permis \u00e0 l&rsquo;attaque de se produire, et mise en place de correctifs pour les combler afin d&rsquo;\u00e9viter de futures intrusions.<\/li>\n<li><strong>Restauration des donn\u00e9es<\/strong> : Si des donn\u00e9es ont \u00e9t\u00e9 compromises ou perdues lors de l&rsquo;attaque, l&rsquo;entreprise de cybers\u00e9curit\u00e9 peut aider \u00e0 restaurer ces donn\u00e9es \u00e0 partir de sauvegardes ou \u00e0 l&rsquo;aide d&rsquo;autres m\u00e9thodes de r\u00e9cup\u00e9ration.<\/li>\n<li><strong>Renforcement de la s\u00e9curit\u00e9<\/strong> : Mise en place de mesures suppl\u00e9mentaires de s\u00e9curit\u00e9 pour renforcer la posture de s\u00e9curit\u00e9 de l&rsquo;entreprise, telles que la mise en \u0153uvre de pare-feu am\u00e9lior\u00e9s, de syst\u00e8mes de d\u00e9tection d&rsquo;intrusion et de surveillance continue.<\/li>\n<li><strong>Formation et sensibilisation<\/strong> : Fourniture de formation en cybers\u00e9curit\u00e9 pour le personnel de l&rsquo;entreprise afin de les sensibiliser aux menaces et de les aider \u00e0 adopter de bonnes pratiques de s\u00e9curit\u00e9 informatique.<\/li>\n<li><strong>Gestion de crise<\/strong> : Assistance dans la gestion de la crise, y compris la communication avec les parties prenantes internes et externes, la coordination avec les autorit\u00e9s comp\u00e9tentes et la gestion des relations publiques pour limiter les dommages \u00e0 la r\u00e9putation de l&rsquo;entreprise.<\/li>\n<li><strong>\u00c9valuation post-incident<\/strong> : \u00c9valuation de l&rsquo;efficacit\u00e9 de la r\u00e9ponse \u00e0 l&rsquo;incident et identification des le\u00e7ons apprises pour am\u00e9liorer les pratiques de s\u00e9curit\u00e9 \u00e0 l&rsquo;avenir.<\/li>\n<\/ol>\n<p>Ces services peuvent \u00eatre adapt\u00e9s en fonction de vos besoins sp\u00e9cifiques et de la gravit\u00e9 de l&rsquo;incident de s\u00e9curit\u00e9. En g\u00e9n\u00e9ral, une approche holistique et r\u00e9active est essentielle pour aider une entreprise \u00e0 se remettre d&rsquo;un piratage informatique et \u00e0 renforcer sa r\u00e9silience face aux menaces futures.<\/p>\n<p>Nous consulter pour plus de d\u00e9tails.<\/p>\n<\/div>\n<\/div>\n<\/div>\n","protected":false},"excerpt":{"rendered":"<p>Que vous soyez un particulier ou un professionnel, informatique de la vall\u00e9e vous accompagne en cas de piratage informatique ou de tentative d&rsquo;escroquerie.<\/p>\n<p>&nbsp;<\/p>\n","protected":false},"featured_media":4726,"comment_status":"closed","ping_status":"closed","template":"","meta":{"om_disable_all_campaigns":false,"_monsterinsights_skip_tracking":false,"_monsterinsights_sitenote_active":false,"_monsterinsights_sitenote_note":"","_monsterinsights_sitenote_category":0,"site-sidebar-layout":"default","site-content-layout":"","ast-site-content-layout":"default","site-content-style":"default","site-sidebar-style":"default","ast-global-header-display":"","ast-banner-title-visibility":"","ast-main-header-display":"","ast-hfb-above-header-display":"","ast-hfb-below-header-display":"","ast-hfb-mobile-header-display":"","site-post-title":"","ast-breadcrumbs-content":"","ast-featured-img":"","footer-sml-layout":"","ast-disable-related-posts":"","theme-transparent-header-meta":"default","adv-header-id-meta":"","stick-header-meta":"","header-above-stick-meta":"","header-main-stick-meta":"","header-below-stick-meta":"","astra-migrate-meta-layouts":"set","ast-page-background-enabled":"default","ast-page-background-meta":{"desktop":{"background-color":"","background-image":"","background-repeat":"repeat","background-position":"center center","background-size":"auto","background-attachment":"scroll","background-type":"","background-media":"","overlay-type":"","overlay-color":"","overlay-opacity":"","overlay-gradient":""},"tablet":{"background-color":"","background-image":"","background-repeat":"repeat","background-position":"center center","background-size":"auto","background-attachment":"scroll","background-type":"","background-media":"","overlay-type":"","overlay-color":"","overlay-opacity":"","overlay-gradient":""},"mobile":{"background-color":"","background-image":"","background-repeat":"repeat","background-position":"center center","background-size":"auto","background-attachment":"scroll","background-type":"","background-media":"","overlay-type":"","overlay-color":"","overlay-opacity":"","overlay-gradient":""}},"ast-content-background-meta":{"desktop":{"background-color":"var(--ast-global-color-5)","background-image":"","background-repeat":"repeat","background-position":"center center","background-size":"auto","background-attachment":"scroll","background-type":"","background-media":"","overlay-type":"","overlay-color":"","overlay-opacity":"","overlay-gradient":""},"tablet":{"background-color":"var(--ast-global-color-5)","background-image":"","background-repeat":"repeat","background-position":"center center","background-size":"auto","background-attachment":"scroll","background-type":"","background-media":"","overlay-type":"","overlay-color":"","overlay-opacity":"","overlay-gradient":""},"mobile":{"background-color":"var(--ast-global-color-5)","background-image":"","background-repeat":"repeat","background-position":"center center","background-size":"auto","background-attachment":"scroll","background-type":"","background-media":"","overlay-type":"","overlay-color":"","overlay-opacity":"","overlay-gradient":""}}},"product_brand":[],"product_cat":[22],"product_tag":[],"class_list":{"0":"post-4725","1":"product","2":"type-product","3":"status-publish","4":"has-post-thumbnail","6":"product_cat-prestations","7":"desktop-align-left","8":"tablet-align-left","9":"mobile-align-left","11":"first","12":"instock","13":"featured","14":"virtual","15":"product-type-simple"},"aioseo_notices":[],"jetpack_sharing_enabled":true,"_links":{"self":[{"href":"https:\/\/informatiquedelavallee.fr\/index.php\/wp-json\/wp\/v2\/product\/4725","targetHints":{"allow":["GET"]}}],"collection":[{"href":"https:\/\/informatiquedelavallee.fr\/index.php\/wp-json\/wp\/v2\/product"}],"about":[{"href":"https:\/\/informatiquedelavallee.fr\/index.php\/wp-json\/wp\/v2\/types\/product"}],"replies":[{"embeddable":true,"href":"https:\/\/informatiquedelavallee.fr\/index.php\/wp-json\/wp\/v2\/comments?post=4725"}],"wp:featuredmedia":[{"embeddable":true,"href":"https:\/\/informatiquedelavallee.fr\/index.php\/wp-json\/wp\/v2\/media\/4726"}],"wp:attachment":[{"href":"https:\/\/informatiquedelavallee.fr\/index.php\/wp-json\/wp\/v2\/media?parent=4725"}],"wp:term":[{"taxonomy":"product_brand","embeddable":true,"href":"https:\/\/informatiquedelavallee.fr\/index.php\/wp-json\/wp\/v2\/product_brand?post=4725"},{"taxonomy":"product_cat","embeddable":true,"href":"https:\/\/informatiquedelavallee.fr\/index.php\/wp-json\/wp\/v2\/product_cat?post=4725"},{"taxonomy":"product_tag","embeddable":true,"href":"https:\/\/informatiquedelavallee.fr\/index.php\/wp-json\/wp\/v2\/product_tag?post=4725"}],"curies":[{"name":"wp","href":"https:\/\/api.w.org\/{rel}","templated":true}]}}